{"id":1463,"date":"2016-03-25T08:27:13","date_gmt":"2016-03-25T08:27:13","guid":{"rendered":"http:\/\/fanfarenzug-rielasingen-arlen.de\/wordpress\/?page_id=1463"},"modified":"2022-10-22T10:23:30","modified_gmt":"2022-10-22T08:23:30","slug":"fz-skulls","status":"publish","type":"page","link":"https:\/\/www.fanfarenzug-rielasingen-arlen.de\/wordpress\/fz-skulls\/","title":{"rendered":"FZ Skulls"},"content":{"rendered":"<p>&nbsp;<\/p>\n<p style=\"text-align: justify;\"><a href=\"https:\/\/www.fanfarenzug-rielasingen-arlen.de\/wordpress\/wp-content\/uploads\/2015\/12\/FZ_Skulls_neu.jpg\"><img loading=\"lazy\" decoding=\"async\" class=\"aligncenter size-full wp-image-2927\" src=\"https:\/\/www.fanfarenzug-rielasingen-arlen.de\/wordpress\/wp-content\/uploads\/2015\/12\/FZ_Skulls_neu.jpg\" alt=\"\" width=\"762\" height=\"226\" srcset=\"https:\/\/www.fanfarenzug-rielasingen-arlen.de\/wordpress\/wp-content\/uploads\/2015\/12\/FZ_Skulls_neu.jpg 762w, https:\/\/www.fanfarenzug-rielasingen-arlen.de\/wordpress\/wp-content\/uploads\/2015\/12\/FZ_Skulls_neu-300x89.jpg 300w\" sizes=\"auto, (max-width: 762px) 100vw, 762px\" \/><\/a><\/p>\n<p style=\"text-align: justify;\">Nein, Nein&#8230;.eine neue &#8222;Motorrad-Gang&#8220; sind wir nicht ;-).<\/p>\n<p style=\"text-align: justify;\">Wie die meisten ja wissen werden, haben wir in unseren Reihen ein zeichnerisch begnadetes Mitglied. Unser Frank Herzog zeichnet mit Vorlieben &#8222;coole&#8220; Vorlagen f\u00fcr den Privatgebrauch, das eine oder andere Tattoo oder mal was verr\u00fccktes f\u00fcr den Fanfarenzug. Er verbindet hier seinen Beruf mit seinem Hobby. Nebenher muss er auch immer alle Werbeschilder oder Preistafeln f\u00fcr unsere Feste entwerfen und zeichnen, was seine k\u00fcnstlerische Ader des \u00d6fteren zur Revolution treibt. Ach ja kleine Trommel spielt er auch noch und das nicht mal schlecht.<\/p>\n<p style=\"text-align: justify;\">Der Fanfarenzug verf\u00fcgt ja \u00fcber zwei Arten von Uniformen. Den Landsknecht und die Freizeituniform. Die Freizeituniform setzt sich aus Polo-, Sweatshirt und M\u00fctze zusammen. Nur T-Shirts hatten wir keine. Nachdem unserem Herrn Herzog mal wieder langweilig war, setzte er sich hin und entwarf f\u00fcr sich selbst ein T-Shirt, weil es im Sommer immer so warm ist meinte er. Die Grafik auf dem T-Shirt sollte mal was neues, was anderes sein als nur die &#8222;Normalo-Wappen&#8220; oder Aufschriften und so vereinte er seine Vorliebe f\u00fcr &#8222;Totenk\u00f6pfe&#8220; oder auch Skulls mit dem Weltlichen.<\/p>\n<p style=\"text-align: justify;\">Er wollte halt was cooles entwerfen um zu zeigen, dass die kleinen Trommler das Ma\u00df aller Dinge sind&#8230;..:-).<\/p>\n<p style=\"text-align: justify;\">Nachdem sein T-Shirt nicht nur in den Proben, sondern auch als &#8222;inoffizielles&#8220; Uniformteil an der einen oder anderen Veranstaltung zum Tragen kam, war die Resonanz, insbesondere bei unseren eigenen Mitgliedern, aber auch beim jungen Publikum gro\u00df. Schnell war die eine oder andere Anfrage da, ob die T-Shirts k\u00e4uflich zu erwerben w\u00e4ren&#8230;.<\/p>\n<p style=\"text-align: justify;\">Um der Sache etwas vorzugreifen, Nein, die T-Shirts gibt es &#8211; erst mal &#8211; nicht k\u00e4uflich zu erwerben.<\/p>\n<p style=\"text-align: justify;\">Jedoch wollten nun auch die anderen Gruppen im Fanfarenzug so ein T-Shirt !. Das ist alles nicht so einfach, denn erstens m\u00fcssen die Grafiken erst mal entworfen und zweitens die Vorstandschaft von einem &#8222;so wilden Aufdruck&#8220; \u00fcberzeugt werden.<\/p>\n<p style=\"text-align: justify;\">Nachdem die Vorstandschaft gegen die T-Shirts prinzipiell nichts einzuwenden hatte, wurden weitere Grafiken entworfen. Derzeit wird noch an den Grafiken f\u00fcr die Mellaphone gearbeitet&#8230;.alles nicht so einfach die Instrumente einzuarbeiten. Der Tambour-Aufdruck ist nat\u00fcrlich ein Einzelst\u00fcck, ziemlich viel Arbeit f\u00fcr eine Person.<\/p>\n<p style=\"text-align: justify;\">Die Grafiken sind \u00fcbrigens Copyright gesch\u00fctzt und nur mit dem Einverst\u00e4ndnis von F. Herzog &#8211; auch auszugsweise &#8211; zur Kopie, Verwendung oder Nutzung zugelassen (wie \u00fcbrigens alle Grafiken hier auf der Homepage&#8230;.siehe Impressum)<\/p>\n<p style=\"text-align: justify;\">Ach ja, die T-Shirts geh\u00f6ren bis Heute noch nicht zur offiziellen Bekleidungsordnung des Fanfarenzuges, denn hierzu w\u00e4ren die T-Shirts f\u00fcr alle verpflichtend, was wir nicht wollen. Ihr werdet uns also nicht mit den Dingern auf der B\u00fchne spielen sehen. F\u00fcr die Zeit vor oder nach dem Auftritt haben wir von der Vorstandschaft aus jedoch nichts dagegen und so werdet ihr bei der einen oder anderen Veranstaltung oder auch mal Privat, sicher eines Tages den FZ Skulls begegnen.<\/p>\n<p style=\"text-align: justify;\">T-Andi<\/p>\n","protected":false},"excerpt":{"rendered":"<p>&nbsp; Nein, Nein&#8230;.eine neue &#8222;Motorrad-Gang&#8220; sind wir nicht ;-). Wie die meisten ja wissen werden, haben wir in unseren Reihen ein zeichnerisch begnadetes Mitglied. Unser Frank Herzog zeichnet mit Vorlieben <a href=\"https:\/\/www.fanfarenzug-rielasingen-arlen.de\/wordpress\/fz-skulls\/\" class=\"more-link\">[&hellip;]<\/a><\/p>\n","protected":false},"author":2,"featured_media":0,"parent":0,"menu_order":0,"comment_status":"closed","ping_status":"closed","template":"","meta":{"_crdt_document":"","ngg_post_thumbnail":0,"Layout":"","footnotes":""},"class_list":["entry","author-tambour","post-1463","page","type-page","status-publish"],"_links":{"self":[{"href":"https:\/\/www.fanfarenzug-rielasingen-arlen.de\/wordpress\/wp-json\/wp\/v2\/pages\/1463","targetHints":{"allow":["GET"]}}],"collection":[{"href":"https:\/\/www.fanfarenzug-rielasingen-arlen.de\/wordpress\/wp-json\/wp\/v2\/pages"}],"about":[{"href":"https:\/\/www.fanfarenzug-rielasingen-arlen.de\/wordpress\/wp-json\/wp\/v2\/types\/page"}],"author":[{"embeddable":true,"href":"https:\/\/www.fanfarenzug-rielasingen-arlen.de\/wordpress\/wp-json\/wp\/v2\/users\/2"}],"replies":[{"embeddable":true,"href":"https:\/\/www.fanfarenzug-rielasingen-arlen.de\/wordpress\/wp-json\/wp\/v2\/comments?post=1463"}],"version-history":[{"count":4,"href":"https:\/\/www.fanfarenzug-rielasingen-arlen.de\/wordpress\/wp-json\/wp\/v2\/pages\/1463\/revisions"}],"predecessor-version":[{"id":4747,"href":"https:\/\/www.fanfarenzug-rielasingen-arlen.de\/wordpress\/wp-json\/wp\/v2\/pages\/1463\/revisions\/4747"}],"wp:attachment":[{"href":"https:\/\/www.fanfarenzug-rielasingen-arlen.de\/wordpress\/wp-json\/wp\/v2\/media?parent=1463"}],"curies":[{"name":"wp","href":"https:\/\/api.w.org\/{rel}","templated":true}]}}