{"id":192,"date":"2016-01-09T05:42:03","date_gmt":"2016-01-09T05:42:03","guid":{"rendered":"http:\/\/fanfarenzug-rielasingen-arlen.de\/wordpress\/?page_id=192"},"modified":"2021-02-02T12:00:39","modified_gmt":"2021-02-02T10:00:39","slug":"kontakte","status":"publish","type":"page","link":"https:\/\/www.fanfarenzug-rielasingen-arlen.de\/wordpress\/kontakte\/","title":{"rendered":"Kontakte &#8211; Fanfarenzug Rielasingen-Arlen 1962 e.V."},"content":{"rendered":"<div id=\"pl-192\"  class=\"panel-layout\" ><div id=\"pg-192-0\"  class=\"panel-grid panel-no-style\" ><div id=\"pgc-192-0-0\"  class=\"panel-grid-cell\" ><div id=\"panel-192-0-0-0\" class=\"so-panel widget widget_sow-image panel-first-child panel-last-child\" data-index=\"0\" ><div\n\t\t\t\n\t\t\tclass=\"so-widget-sow-image so-widget-sow-image-default-c67d20f9f743-192\"\n\t\t\t\n\t\t>\n<div class=\"sow-image-container\">\n\t\t<img \n\tsrc=\"https:\/\/www.fanfarenzug-rielasingen-arlen.de\/wordpress\/wp-content\/uploads\/2019\/07\/FZ_Logo_Homepage.png\" width=\"200\" height=\"186\" sizes=\"(max-width: 200px) 100vw, 200px\" alt=\"Logo Fanfarenzug Rielasingen-Arlen\" \t\tclass=\"so-widget-image\"\/>\n\t<\/div>\n\n<\/div><\/div><\/div><\/div><div id=\"pg-192-1\"  class=\"panel-grid panel-no-style\" ><div id=\"pgc-192-1-0\"  class=\"panel-grid-cell\" ><div id=\"panel-192-1-0-0\" class=\"so-panel widget widget_sow-editor panel-first-child panel-last-child\" data-index=\"1\" ><div\n\t\t\t\n\t\t\tclass=\"so-widget-sow-editor so-widget-sow-editor-base\"\n\t\t\t\n\t\t>\n<div class=\"siteorigin-widget-tinymce textwidget\">\n\t<p>Wir bitten darum s\u00e4mtlichen Schriftverkehr unserem Schriftf\u00fchrer zukommen zu lassen. Dies gew\u00e4hrleistet eine zeitnahe Ber\u00fccksichtigung Eurer Anfrage<\/p>\n<\/div>\n<\/div><\/div><\/div><div id=\"pgc-192-1-1\"  class=\"panel-grid-cell\" ><div id=\"panel-192-1-1-0\" class=\"so-panel widget widget_sow-editor panel-first-child panel-last-child\" data-index=\"2\" ><div\n\t\t\t\n\t\t\tclass=\"so-widget-sow-editor so-widget-sow-editor-base\"\n\t\t\t\n\t\t>\n<div class=\"siteorigin-widget-tinymce textwidget\">\n\t<p>Kontakt:<\/p>\n<p>Mathias Thau \/&nbsp; Lindenstra\u00dfe 52a \/ 78239 Rielasingen-Worblingen \/&nbsp; TEL<span class=\"nr\"> +49 1511-0101985 <\/span><\/p>\n<p><img loading=\"lazy\" decoding=\"async\" class=\"size-full wp-image-2315 alignleft\" src=\"https:\/\/www.fanfarenzug-rielasingen-arlen.de\/wordpress\/wp-content\/uploads\/2016\/01\/email_schriftfuehrer.png\" alt=\"email_schriftfuehrer\" width=\"376\" height=\"16\" srcset=\"https:\/\/www.fanfarenzug-rielasingen-arlen.de\/wordpress\/wp-content\/uploads\/2016\/01\/email_schriftfuehrer.png 376w, https:\/\/www.fanfarenzug-rielasingen-arlen.de\/wordpress\/wp-content\/uploads\/2016\/01\/email_schriftfuehrer-300x13.png 300w\" sizes=\"auto, (max-width: 376px) 100vw, 376px\" \/><\/p>\n<\/div>\n<\/div><\/div><\/div><\/div><div id=\"pg-192-2\"  class=\"panel-grid panel-no-style\" ><div id=\"pgc-192-2-0\"  class=\"panel-grid-cell\" ><div id=\"panel-192-2-0-0\" class=\"so-panel widget widget_text panel-first-child panel-last-child\" data-index=\"3\" >\t\t\t<div class=\"textwidget\"><p><em>Die abgesendeten Daten werden nur zum Zweck der Bearbeitung Ihres Anliegens verarbeitet. <a href=\"https:\/\/www.fanfarenzug-rielasingen-arlen.de\/wordpress\/datenschutzerklaerung\/\">Weitere Informationen finden Sie in unserer Datenschutzerkl\u00e4rung.<\/a><\/em><\/p>\n<\/div>\n\t\t<\/div><\/div><\/div><\/div>","protected":false},"excerpt":{"rendered":"<p>Wir bitten darum s\u00e4mtlichen Schriftverkehr unserem Schriftf\u00fchrer zukommen zu lassen. Dies gew\u00e4hrleistet eine zeitnahe Ber\u00fccksichtigung Eurer Anfrage Kontakt: Mathias Thau \/&nbsp; Lindenstra\u00dfe 52a \/ 78239 Rielasingen-Worblingen \/&nbsp; TEL +49 1511-0101985<\/p>\n","protected":false},"author":2,"featured_media":0,"parent":0,"menu_order":0,"comment_status":"closed","ping_status":"closed","template":"","meta":{"_crdt_document":"","ngg_post_thumbnail":0,"Layout":"","footnotes":""},"class_list":["entry","author-tambour","post-192","page","type-page","status-publish"],"_links":{"self":[{"href":"https:\/\/www.fanfarenzug-rielasingen-arlen.de\/wordpress\/wp-json\/wp\/v2\/pages\/192","targetHints":{"allow":["GET"]}}],"collection":[{"href":"https:\/\/www.fanfarenzug-rielasingen-arlen.de\/wordpress\/wp-json\/wp\/v2\/pages"}],"about":[{"href":"https:\/\/www.fanfarenzug-rielasingen-arlen.de\/wordpress\/wp-json\/wp\/v2\/types\/page"}],"author":[{"embeddable":true,"href":"https:\/\/www.fanfarenzug-rielasingen-arlen.de\/wordpress\/wp-json\/wp\/v2\/users\/2"}],"replies":[{"embeddable":true,"href":"https:\/\/www.fanfarenzug-rielasingen-arlen.de\/wordpress\/wp-json\/wp\/v2\/comments?post=192"}],"version-history":[{"count":52,"href":"https:\/\/www.fanfarenzug-rielasingen-arlen.de\/wordpress\/wp-json\/wp\/v2\/pages\/192\/revisions"}],"predecessor-version":[{"id":4659,"href":"https:\/\/www.fanfarenzug-rielasingen-arlen.de\/wordpress\/wp-json\/wp\/v2\/pages\/192\/revisions\/4659"}],"wp:attachment":[{"href":"https:\/\/www.fanfarenzug-rielasingen-arlen.de\/wordpress\/wp-json\/wp\/v2\/media?parent=192"}],"curies":[{"name":"wp","href":"https:\/\/api.w.org\/{rel}","templated":true}]}}